{"id":12,"date":"2025-01-15T22:15:48","date_gmt":"2025-01-15T21:15:48","guid":{"rendered":"http:\/\/kineleglise.be\/?page_id=12"},"modified":"2025-01-19T22:42:04","modified_gmt":"2025-01-19T21:42:04","slug":"notre-equipe","status":"publish","type":"page","link":"http:\/\/kineleglise.be\/?page_id=12","title":{"rendered":"Notre \u00e9quipe"},"content":{"rendered":"\n<p>Nos kin\u00e9sith\u00e9rapeutes et ost\u00e9opathes se feront un plaisir de vous recevoir. Vous trouverez ci-dessous la liste de leurs formations et sp\u00e9cialisations, afin de r\u00e9pondre au mieux \u00e0 vos attentes.<\/p>\n\n\n\n<h2 class=\"wp-block-heading has-large-font-size\">Leslie Grange<\/h2>\n\n\n\n<p><em>Kin\u00e9sith\u00e9rapeute sp\u00e9cialis\u00e9e en uro-gyn\u00e9co (en cours)<\/em><br><strong><a href=\"tel:32470060472\">+32 470 06 04 72<\/a><\/strong><\/p>\n\n\n\n<div class=\"wp-block-group\"><div class=\"wp-block-group__inner-container is-layout-constrained wp-block-group-is-layout-constrained\">\n<div class=\"wp-block-columns is-layout-flex wp-container-core-columns-is-layout-28f84493 wp-block-columns-is-layout-flex\">\n<div class=\"wp-block-column is-vertically-aligned-top is-layout-flow wp-block-column-is-layout-flow\">\n<ul class=\"wp-block-list\">\n<li>Master en kin\u00e9sith\u00e9rapie &#8211; HERS (2024)<\/li>\n\n\n\n<li>Drainage lymphatique manuel &#8211; HERS (2024)<\/li>\n\n\n\n<li>QPP &#8211; Certificat en r\u00e9\u00e9ducation abdomino-pelvienne et p\u00e9rinatale &#8211; SFER (en cours)<\/li>\n<\/ul>\n<\/div>\n\n\n\n<div class=\"wp-block-column is-vertically-aligned-center is-layout-flow wp-block-column-is-layout-flow\"><div class=\"wp-block-image\">\n<figure class=\"aligncenter size-full is-resized\"><img loading=\"lazy\" decoding=\"async\" width=\"1080\" height=\"1080\" src=\"http:\/\/kineleglise.be\/wp-content\/uploads\/2025\/01\/FB_IMG_1689190338485.jpg\" alt=\"\" class=\"wp-image-119\" style=\"width:270px\" srcset=\"http:\/\/kineleglise.be\/wp-content\/uploads\/2025\/01\/FB_IMG_1689190338485.jpg 1080w, http:\/\/kineleglise.be\/wp-content\/uploads\/2025\/01\/FB_IMG_1689190338485-300x300.jpg 300w, http:\/\/kineleglise.be\/wp-content\/uploads\/2025\/01\/FB_IMG_1689190338485-1024x1024.jpg 1024w, http:\/\/kineleglise.be\/wp-content\/uploads\/2025\/01\/FB_IMG_1689190338485-150x150.jpg 150w, http:\/\/kineleglise.be\/wp-content\/uploads\/2025\/01\/FB_IMG_1689190338485-768x768.jpg 768w\" sizes=\"auto, (max-width: 1080px) 100vw, 1080px\" \/><\/figure>\n<\/div><\/div>\n<\/div>\n\n\n\n<hr class=\"wp-block-separator has-alpha-channel-opacity\"\/>\n\n\n\n<h2 class=\"wp-block-heading has-large-font-size\">Thomas Winand<\/h2>\n\n\n\n<p><em>Kin\u00e9sith\u00e9rapeute, th\u00e9rapeute manuel et ost\u00e9opathe (en cours de formation)<\/em><br><a href=\"tel:32479689253\"><strong>+32 479 68 92 53<\/strong><\/a><\/p>\n\n\n\n<div class=\"wp-block-columns is-layout-flex wp-container-core-columns-is-layout-28f84493 wp-block-columns-is-layout-flex\">\n<div class=\"wp-block-column is-layout-flow wp-block-column-is-layout-flow\">\n<ul class=\"wp-block-list\">\n<li>Master en kin\u00e9sith\u00e9rapie et r\u00e9adaptation &#8211; UCL (2021)<\/li>\n\n\n\n<li>Th\u00e9rapie manuelle analytique (2023)<\/li>\n\n\n\n<li>Ost\u00e9opathie IAO (en cours)<\/li>\n<\/ul>\n<\/div>\n\n\n\n<div class=\"wp-block-column is-vertically-aligned-center is-layout-flow wp-block-column-is-layout-flow\"><div class=\"wp-block-image\">\n<figure class=\"aligncenter size-full is-resized\"><img loading=\"lazy\" decoding=\"async\" width=\"1536\" height=\"2048\" src=\"http:\/\/kineleglise.be\/wp-content\/uploads\/2025\/01\/julien.jpg\" alt=\"\" class=\"wp-image-111\" style=\"width:270px\" srcset=\"http:\/\/kineleglise.be\/wp-content\/uploads\/2025\/01\/julien.jpg 1536w, http:\/\/kineleglise.be\/wp-content\/uploads\/2025\/01\/julien-225x300.jpg 225w, http:\/\/kineleglise.be\/wp-content\/uploads\/2025\/01\/julien-768x1024.jpg 768w, http:\/\/kineleglise.be\/wp-content\/uploads\/2025\/01\/julien-1152x1536.jpg 1152w\" sizes=\"auto, (max-width: 1536px) 100vw, 1536px\" \/><\/figure>\n<\/div><\/div>\n<\/div>\n\n\n\n<hr class=\"wp-block-separator has-alpha-channel-opacity\"\/>\n\n\n\n<h2 class=\"wp-block-heading has-large-font-size\">Valentin Hennuy<\/h2>\n\n\n\n<p><em>Kin\u00e9sith\u00e9rapeute, th\u00e9rapeute manuel<\/em><br><a href=\"tel:32493165734\"><strong>+32 493 16 57 34<\/strong><\/a><\/p>\n\n\n\n<div class=\"wp-block-columns is-layout-flex wp-container-core-columns-is-layout-28f84493 wp-block-columns-is-layout-flex\">\n<div class=\"wp-block-column is-layout-flow wp-block-column-is-layout-flow\">\n<ul class=\"wp-block-list\">\n<li>Master en kin\u00e9sith\u00e9rapie &#8211; HERS (2015)<\/li>\n\n\n\n<li>Drainage lymphatique manuel &#8211; HERS (2015)<\/li>\n\n\n\n<li>Th\u00e9rapie manuelle et sportive &#8211; osteoetiopathie D.Oe &#8211; ATMS (2017)<\/li>\n<\/ul>\n<\/div>\n\n\n\n<div class=\"wp-block-column is-layout-flow wp-block-column-is-layout-flow\"><div class=\"wp-block-image\">\n<figure class=\"aligncenter size-full is-resized\"><img loading=\"lazy\" decoding=\"async\" width=\"1536\" height=\"2048\" src=\"http:\/\/kineleglise.be\/wp-content\/uploads\/2025\/01\/leslie.jpg\" alt=\"\" class=\"wp-image-108\" style=\"width:270px\" srcset=\"http:\/\/kineleglise.be\/wp-content\/uploads\/2025\/01\/leslie.jpg 1536w, http:\/\/kineleglise.be\/wp-content\/uploads\/2025\/01\/leslie-225x300.jpg 225w, http:\/\/kineleglise.be\/wp-content\/uploads\/2025\/01\/leslie-768x1024.jpg 768w, http:\/\/kineleglise.be\/wp-content\/uploads\/2025\/01\/leslie-1152x1536.jpg 1152w\" sizes=\"auto, (max-width: 1536px) 100vw, 1536px\" \/><\/figure>\n<\/div><\/div>\n<\/div>\n<\/div><\/div>\n\n\n\n<hr class=\"wp-block-separator has-alpha-channel-opacity\"\/>\n\n\n\n<h2 class=\"wp-block-heading has-large-font-size\">Julien Evrard<\/h2>\n\n\n\n<p><em>Kin\u00e9sith\u00e9rapeute et<em> ost\u00e9opathe<\/em><\/em><br><a href=\"tel:32494048567\"><strong>+32 494 04 85 67<\/strong><\/a><\/p>\n\n\n\n<div class=\"wp-block-columns is-layout-flex wp-container-core-columns-is-layout-28f84493 wp-block-columns-is-layout-flex\">\n<div class=\"wp-block-column is-layout-flow wp-block-column-is-layout-flow\">\n<ul class=\"wp-block-list\">\n<li>Master en kin\u00e9sith\u00e9rapie et r\u00e9adaptation &#8211; UCL (2016)<\/li>\n\n\n\n<li>Ost\u00e9opathie &#8211; IAO (2021)<\/li>\n<\/ul>\n<\/div>\n\n\n\n<div class=\"wp-block-column is-layout-flow wp-block-column-is-layout-flow\"><div class=\"wp-block-image\">\n<figure class=\"aligncenter size-full is-resized\"><img loading=\"lazy\" decoding=\"async\" width=\"1536\" height=\"2048\" src=\"http:\/\/kineleglise.be\/wp-content\/uploads\/2025\/01\/val-1.jpg\" alt=\"\" class=\"wp-image-110\" style=\"width:270px\" srcset=\"http:\/\/kineleglise.be\/wp-content\/uploads\/2025\/01\/val-1.jpg 1536w, http:\/\/kineleglise.be\/wp-content\/uploads\/2025\/01\/val-1-225x300.jpg 225w, http:\/\/kineleglise.be\/wp-content\/uploads\/2025\/01\/val-1-768x1024.jpg 768w, http:\/\/kineleglise.be\/wp-content\/uploads\/2025\/01\/val-1-1152x1536.jpg 1152w\" sizes=\"auto, (max-width: 1536px) 100vw, 1536px\" \/><\/figure>\n<\/div><\/div>\n<\/div>\n\n\n\n<p><\/p>\n","protected":false},"excerpt":{"rendered":"<p>Nos kin\u00e9sith\u00e9rapeutes et ost\u00e9opathes se feront un plaisir de vous recevoir. Vous trouverez ci-dessous la liste de leurs formations et sp\u00e9cialisations, afin de r\u00e9pondre au mieux \u00e0 vos attentes. Leslie Grange Kin\u00e9sith\u00e9rapeute sp\u00e9cialis\u00e9e en uro-gyn\u00e9co (en cours)+32 470 06 04 72 Thomas Winand Kin\u00e9sith\u00e9rapeute, th\u00e9rapeute manuel et ost\u00e9opathe (en cours de formation)+32 479 68 92<a class=\"more-link\" href=\"http:\/\/kineleglise.be\/?page_id=12\">Lire la suite <span class=\"screen-reader-text\">\u00ab\u00a0Notre \u00e9quipe\u00a0\u00bb<\/span><\/a><\/p>\n","protected":false},"author":1,"featured_media":0,"parent":0,"menu_order":0,"comment_status":"closed","ping_status":"closed","template":"","meta":{"footnotes":""},"class_list":["post-12","page","type-page","status-publish","hentry","entry"],"_links":{"self":[{"href":"http:\/\/kineleglise.be\/index.php?rest_route=\/wp\/v2\/pages\/12","targetHints":{"allow":["GET"]}}],"collection":[{"href":"http:\/\/kineleglise.be\/index.php?rest_route=\/wp\/v2\/pages"}],"about":[{"href":"http:\/\/kineleglise.be\/index.php?rest_route=\/wp\/v2\/types\/page"}],"author":[{"embeddable":true,"href":"http:\/\/kineleglise.be\/index.php?rest_route=\/wp\/v2\/users\/1"}],"replies":[{"embeddable":true,"href":"http:\/\/kineleglise.be\/index.php?rest_route=%2Fwp%2Fv2%2Fcomments&post=12"}],"version-history":[{"count":21,"href":"http:\/\/kineleglise.be\/index.php?rest_route=\/wp\/v2\/pages\/12\/revisions"}],"predecessor-version":[{"id":121,"href":"http:\/\/kineleglise.be\/index.php?rest_route=\/wp\/v2\/pages\/12\/revisions\/121"}],"wp:attachment":[{"href":"http:\/\/kineleglise.be\/index.php?rest_route=%2Fwp%2Fv2%2Fmedia&parent=12"}],"curies":[{"name":"wp","href":"https:\/\/api.w.org\/{rel}","templated":true}]}}