{"id":2,"date":"2025-01-15T09:50:20","date_gmt":"2025-01-15T08:50:20","guid":{"rendered":"http:\/\/kineleglise.be\/?page_id=2"},"modified":"2025-01-17T16:43:17","modified_gmt":"2025-01-17T15:43:17","slug":"page-d-exemple","status":"publish","type":"page","link":"http:\/\/kineleglise.be\/","title":{"rendered":"Accueil"},"content":{"rendered":"\n<p>Bienvenue au cabinet kineosteo L\u00e9glise. <\/p>\n\n\n\n<p>Depuis 2021, notre cabinet situ\u00e9 \u00e0 la sortie de l\u2019E411, vous accueille dans un espace chaleureux et d\u00e9di\u00e9 \u00e0 votre sant\u00e9. Notre \u00e9quipe, compos\u00e9e de 4 th\u00e9rapeutes qualifi\u00e9s et passionn\u00e9s, met son expertise \u00e0 votre service pour r\u00e9pondre \u00e0 vos besoins en kin\u00e9sith\u00e9rapie et ost\u00e9opathie.<\/p>\n\n\n\n<p> Possibilit\u00e9 de d\u00e9placement \u00e0 domicile.<\/p>\n\n\n\n<div class=\"wp-block-cover is-light has-custom-content-position is-position-bottom-center\"><span aria-hidden=\"true\" class=\"wp-block-cover__background has-background-dim-30 has-background-dim\" style=\"background-color:#8f8473\"><\/span><img loading=\"lazy\" decoding=\"async\" width=\"2048\" height=\"1536\" class=\"wp-block-cover__image-background wp-image-102\" alt=\"\" src=\"http:\/\/kineleglise.be\/wp-content\/uploads\/2025\/01\/equipe.jpg\" data-object-fit=\"cover\" srcset=\"http:\/\/kineleglise.be\/wp-content\/uploads\/2025\/01\/equipe.jpg 2048w, http:\/\/kineleglise.be\/wp-content\/uploads\/2025\/01\/equipe-300x225.jpg 300w, http:\/\/kineleglise.be\/wp-content\/uploads\/2025\/01\/equipe-1024x768.jpg 1024w, http:\/\/kineleglise.be\/wp-content\/uploads\/2025\/01\/equipe-768x576.jpg 768w, http:\/\/kineleglise.be\/wp-content\/uploads\/2025\/01\/equipe-1536x1152.jpg 1536w, http:\/\/kineleglise.be\/wp-content\/uploads\/2025\/01\/equipe-1568x1176.jpg 1568w\" sizes=\"auto, (max-width: 2048px) 100vw, 2048px\" \/><div class=\"wp-block-cover__inner-container is-layout-constrained wp-block-cover-is-layout-constrained\">\n<p class=\"has-text-align-center has-background-color has-text-color has-link-color has-large-font-size wp-elements-07d0de76678fd71c59a3cfd904b69a03\"><strong>Toute notre \u00e9quipe se tient \u00e0 votre disposition<\/strong><\/p>\n\n\n\n<div class=\"wp-block-buttons is-content-justification-center is-layout-flex wp-container-core-buttons-is-layout-a89b3969 wp-block-buttons-is-layout-flex\">\n<div class=\"wp-block-button\"><a class=\"wp-block-button__link wp-element-button\" href=\"http:\/\/kineleglise.be\/?page_id=12\">D\u00e9couvrir notre \u00e9quipe<\/a><\/div>\n<\/div>\n<\/div><\/div>\n\n\n\n<div class=\"wp-block-group alignfull has-foreground-background-color has-background\"><div class=\"wp-block-group__inner-container is-layout-constrained wp-block-group-is-layout-constrained\">\n<div class=\"wp-block-columns is-layout-flex wp-container-core-columns-is-layout-28f84493 wp-block-columns-is-layout-flex\">\n<div class=\"wp-block-column is-layout-flow wp-block-column-is-layout-flow\">\n<h2 class=\"wp-block-heading has-text-align-left has-large-font-size\">Cabinet Kineosteo <\/h2>\n\n\n\n<p><\/p>\n<\/div>\n\n\n\n<div class=\"wp-block-column is-layout-flow wp-block-column-is-layout-flow\">\n<p>Rue de Luxembourg 59 et 66A<br>6860 L\u00e9glise<\/p>\n\n\n\n<p><\/p>\n<\/div>\n\n\n\n<div class=\"wp-block-column is-layout-flow wp-block-column-is-layout-flow\">\n<p><strong>Lundi<\/strong> &gt; 8:00 &#8211; 19:00<br><strong>Mardi<\/strong> &gt; 8:00 &#8211; 19:00<br><strong>Mercredi<\/strong> &gt; 8:00 &#8211; 19:00<br><strong>Jeudi<\/strong> &gt; 8:00 &#8211; 19:00<br><strong>Vendredi<\/strong> &gt; 8:00 &#8211; 19:00<\/p>\n<\/div>\n<\/div>\n<\/div><\/div>\n\n\n\n<p><\/p>\n\n\n\n<p><\/p>\n","protected":false},"excerpt":{"rendered":"<p>Bienvenue au cabinet kineosteo L\u00e9glise. Depuis 2021, notre cabinet situ\u00e9 \u00e0 la sortie de l\u2019E411, vous accueille dans un espace chaleureux et d\u00e9di\u00e9 \u00e0 votre sant\u00e9. Notre \u00e9quipe, compos\u00e9e de 4 th\u00e9rapeutes qualifi\u00e9s et passionn\u00e9s, met son expertise \u00e0 votre service pour r\u00e9pondre \u00e0 vos besoins en kin\u00e9sith\u00e9rapie et ost\u00e9opathie. Possibilit\u00e9 de d\u00e9placement \u00e0 domicile.<a class=\"more-link\" href=\"http:\/\/kineleglise.be\/\">Lire la suite <span class=\"screen-reader-text\">\u00ab\u00a0Accueil\u00a0\u00bb<\/span><\/a><\/p>\n","protected":false},"author":1,"featured_media":0,"parent":0,"menu_order":0,"comment_status":"closed","ping_status":"open","template":"","meta":{"footnotes":""},"class_list":["post-2","page","type-page","status-publish","hentry","entry"],"_links":{"self":[{"href":"http:\/\/kineleglise.be\/index.php?rest_route=\/wp\/v2\/pages\/2","targetHints":{"allow":["GET"]}}],"collection":[{"href":"http:\/\/kineleglise.be\/index.php?rest_route=\/wp\/v2\/pages"}],"about":[{"href":"http:\/\/kineleglise.be\/index.php?rest_route=\/wp\/v2\/types\/page"}],"author":[{"embeddable":true,"href":"http:\/\/kineleglise.be\/index.php?rest_route=\/wp\/v2\/users\/1"}],"replies":[{"embeddable":true,"href":"http:\/\/kineleglise.be\/index.php?rest_route=%2Fwp%2Fv2%2Fcomments&post=2"}],"version-history":[{"count":16,"href":"http:\/\/kineleglise.be\/index.php?rest_route=\/wp\/v2\/pages\/2\/revisions"}],"predecessor-version":[{"id":114,"href":"http:\/\/kineleglise.be\/index.php?rest_route=\/wp\/v2\/pages\/2\/revisions\/114"}],"wp:attachment":[{"href":"http:\/\/kineleglise.be\/index.php?rest_route=%2Fwp%2Fv2%2Fmedia&parent=2"}],"curies":[{"name":"wp","href":"https:\/\/api.w.org\/{rel}","templated":true}]}}