{"id":9,"date":"2025-01-15T22:40:01","date_gmt":"2025-01-15T21:40:01","guid":{"rendered":"http:\/\/kineleglise.be\/?page_id=9"},"modified":"2025-01-15T22:49:03","modified_gmt":"2025-01-15T21:49:03","slug":"contact","status":"publish","type":"page","link":"http:\/\/kineleglise.be\/?page_id=9","title":{"rendered":"Contact"},"content":{"rendered":"\n<p>Pour toute prise de rendez-vous, vous pouvez nous contacter via les num\u00e9ros de GSM du kin\u00e9sith\u00e9rapeute de votre choix sur la <a href=\"http:\/\/kineleglise.be\/?page_id=12\" data-type=\"page\" data-id=\"12\">page de l&rsquo;\u00e9quipe<\/a>.<\/p>\n\n\n\n<p>Notre cabinet est situ\u00e9 \u00e0 L\u00e9glise, sur deux implantations :<\/p>\n\n\n\n<div class=\"wp-block-columns is-layout-flex wp-container-core-columns-is-layout-28f84493 wp-block-columns-is-layout-flex\">\n<div class=\"wp-block-column is-vertically-aligned-center is-layout-flow wp-block-column-is-layout-flow\" style=\"flex-basis:33.33%\">\n<p class=\"has-text-align-left\"><strong>Rue du Luxembourg 59<\/strong><br><strong>6860 L\u00e9glise<\/strong><\/p>\n<\/div>\n\n\n\n<div class=\"wp-block-column is-layout-flow wp-block-column-is-layout-flow\" style=\"flex-basis:66.66%\">\n<iframe src=\"https:\/\/www.google.com\/maps\/embed?pb=!1m18!1m12!1m3!1d482.31960191274794!2d5.536934765990462!3d49.799653850412774!2m3!1f0!2f0!3f0!3m2!1i1024!2i768!4f13.1!3m3!1m2!1s0x47ea994be23c7fe3%3A0xecb1774f600efeeb!2sCabinet%20De%20Kin%C3%A9sith%C3%A9rapeute%20%26%20D&#39;Ost%C3%A9opathe%20-%20Hennuy%20Valentin%2C%20Evrard%20Julien%2C%20Winand%20Thomas%20%26%20Grange%20Leslie!5e0!3m2!1sfr!2sbe!4v1736976448961!5m2!1sfr!2sbe\" width=\"600\" height=\"450\" style=\"border:0;\" allowfullscreen=\"\" loading=\"lazy\" referrerpolicy=\"no-referrer-when-downgrade\"><\/iframe>\n<\/div>\n<\/div>\n\n\n\n<div class=\"wp-block-columns is-layout-flex wp-container-core-columns-is-layout-28f84493 wp-block-columns-is-layout-flex\">\n<div class=\"wp-block-column is-vertically-aligned-center is-layout-flow wp-block-column-is-layout-flow\" style=\"flex-basis:33.33%\">\n<p class=\"has-text-align-left\"><strong>Rue du Luxembourg 66A<br>6860 L\u00e9glise<\/strong><\/p>\n<\/div>\n\n\n\n<div class=\"wp-block-column is-layout-flow wp-block-column-is-layout-flow\" style=\"flex-basis:66.66%\">\n<iframe src=\"https:\/\/www.google.com\/maps\/embed?pb=!1m18!1m12!1m3!1d590.3809901654563!2d5.533674667948564!3d49.799983828813716!2m3!1f0!2f0!3f0!3m2!1i1024!2i768!4f13.1!3m3!1m2!1s0x47ea99f8c0cbcc23%3A0x68760e5e75068e92!2sChez%20Paulette!5e0!3m2!1sfr!2sbe!4v1736976829846!5m2!1sfr!2sbe\" width=\"600\" height=\"450\" style=\"border:0;\" allowfullscreen=\"\" loading=\"lazy\" referrerpolicy=\"no-referrer-when-downgrade\"><\/iframe>\n<\/div>\n<\/div>\n","protected":false},"excerpt":{"rendered":"<p>Pour toute prise de rendez-vous, vous pouvez nous contacter via les num\u00e9ros de GSM du kin\u00e9sith\u00e9rapeute de votre choix sur la page de l&rsquo;\u00e9quipe. Notre cabinet est situ\u00e9 \u00e0 L\u00e9glise, sur deux implantations : Rue du Luxembourg 596860 L\u00e9glise Rue du Luxembourg 66A6860 L\u00e9glise<\/p>\n","protected":false},"author":1,"featured_media":0,"parent":0,"menu_order":0,"comment_status":"closed","ping_status":"closed","template":"","meta":{"footnotes":""},"class_list":["post-9","page","type-page","status-publish","hentry","entry"],"_links":{"self":[{"href":"http:\/\/kineleglise.be\/index.php?rest_route=\/wp\/v2\/pages\/9","targetHints":{"allow":["GET"]}}],"collection":[{"href":"http:\/\/kineleglise.be\/index.php?rest_route=\/wp\/v2\/pages"}],"about":[{"href":"http:\/\/kineleglise.be\/index.php?rest_route=\/wp\/v2\/types\/page"}],"author":[{"embeddable":true,"href":"http:\/\/kineleglise.be\/index.php?rest_route=\/wp\/v2\/users\/1"}],"replies":[{"embeddable":true,"href":"http:\/\/kineleglise.be\/index.php?rest_route=%2Fwp%2Fv2%2Fcomments&post=9"}],"version-history":[{"count":5,"href":"http:\/\/kineleglise.be\/index.php?rest_route=\/wp\/v2\/pages\/9\/revisions"}],"predecessor-version":[{"id":26,"href":"http:\/\/kineleglise.be\/index.php?rest_route=\/wp\/v2\/pages\/9\/revisions\/26"}],"wp:attachment":[{"href":"http:\/\/kineleglise.be\/index.php?rest_route=%2Fwp%2Fv2%2Fmedia&parent=9"}],"curies":[{"name":"wp","href":"https:\/\/api.w.org\/{rel}","templated":true}]}}